{"id":6,"date":"2010-04-03T15:48:20","date_gmt":"2010-04-03T13:48:20","guid":{"rendered":"http:\/\/js-rotbachtal.ch\/?page_id=6"},"modified":"2019-07-16T20:44:33","modified_gmt":"2019-07-16T18:44:33","slug":"uber-uns","status":"publish","type":"page","link":"https:\/\/js-rotbachtal.ch\/?page_id=6","title":{"rendered":"\u00dcber uns"},"content":{"rendered":"<div class=\"page\" title=\"Page 1\">\n<div class=\"section\">\n<div class=\"layoutArea\">\n<div class=\"column\">\n<h2>Wer sind wir?<\/h2>\n<p>Wir sind eine wild zusammengew\u00fcrfelte Gruppe von Kindern im Alter von der ersten Klasse bis zur ersten Oberstufe.&nbsp;<br \/>\nWir treffen uns einmal im Monat und sind dann viel miteinander unterwegs, erleben coole Sachen, und haben einfach Spass zusammen.<\/p>\n<p>Wenn du auch zu dieser Gruppe geh\u00f6ren m\u00f6chtest, dann komm doch einfach mal vorbei und schau bei uns rein und du wirst schnell feststellen, ob es dir bei uns gefallen w\u00fcrde.<\/p>\n<p>Falls du doch noch Fragen hast, dann lese doch noch beim <a href=\"https:\/\/js-rotbachtal.ch\/programm\/\">Programm<\/a> nach, dort steht noch mehr \u00fcber unseren Tagesablauf oder melde dich via <a href=\"https:\/\/js-rotbachtal.ch\/kontakt\/\">Kontakt<\/a> bei uns.<\/p>\n<p>Wir w\u00fcrden uns sehr freuen, wenn wir DICH bei uns begr\u00fcssen und einen Jungschitag zusammen mit DIR erleben d\u00fcrfen!<\/p>\n<p>Das Jungschar-Rotbachtal Team<\/p>\n<\/div>\n<\/div>\n<\/div>\n<\/div>\n","protected":false},"excerpt":{"rendered":"<p>Wer sind wir? Wir sind eine wild zusammengew\u00fcrfelte Gruppe von Kindern im Alter von der ersten Klasse bis zur ersten Oberstufe.&nbsp; Wir treffen uns einmal im Monat und sind dann viel miteinander unterwegs, erleben coole Sachen, und haben einfach Spass &hellip; <a href=\"https:\/\/js-rotbachtal.ch\/?page_id=6\">Weiterlesen <span class=\"meta-nav\">&rarr;<\/span><\/a><\/p>\n","protected":false},"author":2,"featured_media":0,"parent":0,"menu_order":0,"comment_status":"closed","ping_status":"closed","template":"fullwidth-page.php","meta":{"ngg_post_thumbnail":0,"footnotes":""},"class_list":["post-6","page","type-page","status-publish","hentry"],"_links":{"self":[{"href":"https:\/\/js-rotbachtal.ch\/index.php?rest_route=\/wp\/v2\/pages\/6","targetHints":{"allow":["GET"]}}],"collection":[{"href":"https:\/\/js-rotbachtal.ch\/index.php?rest_route=\/wp\/v2\/pages"}],"about":[{"href":"https:\/\/js-rotbachtal.ch\/index.php?rest_route=\/wp\/v2\/types\/page"}],"author":[{"embeddable":true,"href":"https:\/\/js-rotbachtal.ch\/index.php?rest_route=\/wp\/v2\/users\/2"}],"replies":[{"embeddable":true,"href":"https:\/\/js-rotbachtal.ch\/index.php?rest_route=%2Fwp%2Fv2%2Fcomments&post=6"}],"version-history":[{"count":6,"href":"https:\/\/js-rotbachtal.ch\/index.php?rest_route=\/wp\/v2\/pages\/6\/revisions"}],"predecessor-version":[{"id":7227,"href":"https:\/\/js-rotbachtal.ch\/index.php?rest_route=\/wp\/v2\/pages\/6\/revisions\/7227"}],"wp:attachment":[{"href":"https:\/\/js-rotbachtal.ch\/index.php?rest_route=%2Fwp%2Fv2%2Fmedia&parent=6"}],"curies":[{"name":"wp","href":"https:\/\/api.w.org\/{rel}","templated":true}]}}